{"id":7,"date":"2006-06-06T05:38:20","date_gmt":"2006-06-05T21:38:20","guid":{"rendered":"http:\/\/mbinsg.mb.funpic.de\/blog\/?page_id=7"},"modified":"2006-06-06T05:38:20","modified_gmt":"2006-06-05T21:38:20","slug":"singapur","status":"publish","type":"page","link":"https:\/\/blog.m-g-b.de\/?page_id=7","title":{"rendered":"Singapur"},"content":{"rendered":"<p><a target=\"_blank\" href=\"http:\/\/de.wikipedia.org\/wiki\/Singapur\">Singapur<\/a> ist ein Stadtstaat in S\u00fcdostasien mit etwa 4,4 Mio Einwohner.<br \/>\nDie Bev\u00f6lkerung steht zu gro\u00dfen Teilen aus Chinesen, aber auch Malayen und Inder geh\u00f6ren zu den Bewohnern.<br \/>\nAuf Grund der ehemaligen englischen Kolonialmacht ist eine Amtsprache Englisch und vieles sehr westlich.<\/p>\n<p>Die W\u00e4hrung ist der Singapur-Doller, der in etwa der DM entspricht, also ~2 S$ = 1\u00e2\u201a\u00ac<\/p>\n<p>Die Zeitverschiebung  betr\u00e4gt zu UTC +8 Stunden, was +6h zur mitteleurop\u00e4ischen Sommerzeit entspricht.<\/p>\n<p>Das Wetter ist sehr durch die \u00c4quatoriale Tiefdruckrinne gepr\u00e4gt, da Singapur etwa 100km n\u00f6rdlich des Aquators liegt. Somit kommt es oft zu Regenschauen, im Herbst zu Monsunregen, bei konstant hohen Temperaturen zwischen 25 und 32\u00c2\u00b0C<\/p>\n<p>Mit einer Fl\u00e4che von 682,7 km\u00b2 ist Singapur kleiner als Berlin (891,75 km\u00b2).<br \/>\nN\u00f6rdlich der Insel befindet sich Malaysia, s\u00fcdlich Indonesien mit der Insel Sumatra (bzw. kleineren zwischengelagerten Inseln).<\/p>\n<p>Die Nationalflagge: <img decoding=\"async\" border=\"1\" alt=\"Nationalflagge Singapur\" title=\"Nationalflagge Singapur\" src=\"http:\/\/upload.wikimedia.org\/wikipedia\/commons\/thumb\/4\/48\/Flag_of_Singapore.svg\/150px-Flag_of_Singapore.svg.png\" \/><\/p>\n<p>Die Landesvorwahl: 0065<\/p>\n<p>Top-Level-Domain: .sg (z.B. www.schering.com.sg)<\/p>\n","protected":false},"excerpt":{"rendered":"<p>Singapur ist ein Stadtstaat in S\u00fcdostasien mit etwa 4,4 Mio Einwohner. Die Bev\u00f6lkerung steht zu gro\u00dfen Teilen aus Chinesen, aber auch Malayen und Inder geh\u00f6ren zu den Bewohnern. Auf Grund der ehemaligen englischen Kolonialmacht ist eine Amtsprache Englisch und vieles sehr westlich. Die W\u00e4hrung ist der Singapur-Doller, der in etwa der DM entspricht, also ~2 [&hellip;]<\/p>\n","protected":false},"author":1,"featured_media":0,"parent":0,"menu_order":0,"comment_status":"open","ping_status":"open","template":"","meta":{"footnotes":""},"class_list":["post-7","page","type-page","status-publish","hentry","post-preview"],"_links":{"self":[{"href":"https:\/\/blog.m-g-b.de\/index.php?rest_route=\/wp\/v2\/pages\/7","targetHints":{"allow":["GET"]}}],"collection":[{"href":"https:\/\/blog.m-g-b.de\/index.php?rest_route=\/wp\/v2\/pages"}],"about":[{"href":"https:\/\/blog.m-g-b.de\/index.php?rest_route=\/wp\/v2\/types\/page"}],"author":[{"embeddable":true,"href":"https:\/\/blog.m-g-b.de\/index.php?rest_route=\/wp\/v2\/users\/1"}],"replies":[{"embeddable":true,"href":"https:\/\/blog.m-g-b.de\/index.php?rest_route=%2Fwp%2Fv2%2Fcomments&post=7"}],"version-history":[{"count":0,"href":"https:\/\/blog.m-g-b.de\/index.php?rest_route=\/wp\/v2\/pages\/7\/revisions"}],"wp:attachment":[{"href":"https:\/\/blog.m-g-b.de\/index.php?rest_route=%2Fwp%2Fv2%2Fmedia&parent=7"}],"curies":[{"name":"wp","href":"https:\/\/api.w.org\/{rel}","templated":true}]}}